{"id":39,"date":"2023-01-16T13:14:25","date_gmt":"2023-01-16T13:14:25","guid":{"rendered":"https:\/\/circuittrekmanaslu.com\/about-us\/"},"modified":"2024-12-06T12:08:10","modified_gmt":"2024-12-06T12:08:10","slug":"o-nas","status":"publish","type":"page","link":"https:\/\/circuittrekmanaslu.com\/cs\/o-nas\/","title":{"rendered":"O n\u00e1s"},"content":{"rendered":"<p>B\u011bhem sv\u00e9 v\u00edce ne\u017e t\u0159icetilet\u00e9 kari\u00e9ry v cestovn\u00edm ruchu jsem si vydobyl zku\u0161enosti jako <strong>licencovan\u00fd pr\u016fvodce <\/strong>z NATHAM (N\u00e1rodn\u00ed akademie cestovn\u00edho ruchu a hotelnictv\u00ed). Jsem tak\u00e9 dr\u017eitelem <strong>vysoko\u0161kolsk\u00fd titul<\/strong>, co\u017e m\u011b p\u0159ivedlo k dosa\u017een\u00ed mnoha miln\u00edk\u016f v cestovn\u00edm ruchu v relativn\u011b kr\u00e1tk\u00e9m \u010dasov\u00e9m \u00faseku.<\/p>\n\n\n\n<figure class=\"wp-block-image size-large\"><img decoding=\"async\" src=\"https:\/\/circuittrekmanaslu.com\/wp-content\/uploads\/larke-la-pass-1024x768.webp\" alt=\"Pr\u016fsmyk Larkya La, Manaslu Larke Pass Trek, Nep\u00e1l\" class=\"wp-image-726\"\/><\/figure>\n\n\n\n<p>Jsme zku\u0161en\u00e1 trekingov\u00e1 a turistick\u00e1 spole\u010dnost s bohatou histori\u00ed v\u00edce ne\u017e 20 let. <strong>14 let<\/strong>, p\u016fsob\u00edc\u00ed nejen v <strong>Nep\u00e1l<\/strong> ale tak\u00e9 v <strong>Tibet<\/strong> a <strong>Bh\u00fat\u00e1n<\/strong>. Zam\u011b\u0159ujeme se na nab\u00eddku rozmanit\u00fdch aktivit, p\u0159i\u010dem\u017e prioritou je va\u0161e pohodl\u00ed, bezpe\u010dnost a celkov\u00e1 spokojenost. Neust\u00e1le hled\u00e1me nov\u00e9 a vzru\u0161uj\u00edc\u00ed destinace, kter\u00e9 bychom mohli p\u0159idat do na\u0161eho portfolia.<\/p>\n\n\n\n<h2 class=\"wp-block-heading\">Co n\u00e1s odli\u0161uje?<\/h2>\n\n\n\n<p>Na\u0161e s\u00edla spo\u010d\u00edv\u00e1 v tom, \u017ee <strong>t\u00fdm zku\u0161en\u00fdch pr\u016fvodc\u016f<\/strong> kte\u0159\u00ed v\u00e1m do trekingu vnesou bohat\u00e9 znalosti a post\u0159ehy. Jsme hrd\u00ed na to, \u017ee poskytujeme v\u00fdjime\u010dn\u00fd z\u00e1kaznick\u00fd servis a zaji\u0161\u0165ujeme, aby va\u0161e cesta byla v\u00fdjime\u010dn\u00e1.<\/p>\n\n\n\n<figure class=\"wp-block-image size-large\"><img loading=\"lazy\" decoding=\"async\" width=\"1024\" height=\"683\" src=\"https:\/\/circuittrekmanaslu.com\/wp-content\/uploads\/trekker-on-the-way-to-the-valley-covered-with-cloud-on-manaslu-circuit-trek-in-nepal-1024x683.webp\" alt=\"Treker na cest\u011b do \u00fadol\u00ed zahalen\u00e9ho mraky na treku Manaslu Circuit v Nep\u00e1lu\" class=\"wp-image-744\" srcset=\"https:\/\/circuittrekmanaslu.com\/wp-content\/uploads\/trekker-on-the-way-to-the-valley-covered-with-cloud-on-manaslu-circuit-trek-in-nepal-1024x683.webp 1024w, https:\/\/circuittrekmanaslu.com\/wp-content\/uploads\/trekker-on-the-way-to-the-valley-covered-with-cloud-on-manaslu-circuit-trek-in-nepal-300x200.webp 300w, https:\/\/circuittrekmanaslu.com\/wp-content\/uploads\/trekker-on-the-way-to-the-valley-covered-with-cloud-on-manaslu-circuit-trek-in-nepal-768x512.webp 768w, https:\/\/circuittrekmanaslu.com\/wp-content\/uploads\/trekker-on-the-way-to-the-valley-covered-with-cloud-on-manaslu-circuit-trek-in-nepal-1536x1024.webp 1536w, https:\/\/circuittrekmanaslu.com\/wp-content\/uploads\/trekker-on-the-way-to-the-valley-covered-with-cloud-on-manaslu-circuit-trek-in-nepal-2048x1365.webp 2048w, https:\/\/circuittrekmanaslu.com\/wp-content\/uploads\/trekker-on-the-way-to-the-valley-covered-with-cloud-on-manaslu-circuit-trek-in-nepal-18x12.webp 18w\" sizes=\"auto, (max-width: 1024px) 100vw, 1024px\" \/><\/figure>\n\n\n\n<h2 class=\"wp-block-heading\">Z\u00e1\u017eitky z Manaslu<\/h2>\n\n\n\n<p>Na str\u00e1nk\u00e1ch <a href=\"https:\/\/circuittrekmanaslu.com\/cs\/\">Manaslu Circuit Trek<\/a> je pastvou pro smysly. Budete proch\u00e1zet bujn\u00fdmi lesy, p\u0159ekra\u010dovat slo\u017eit\u00e9 visut\u00e9 mosty a pozn\u00e1vat kulturn\u011b bohat\u00e9 vesnice. Trek nab\u00edz\u00ed <strong>\u00fachvatn\u00e9 v\u00fdhledy <\/strong>Him\u00e1laje, v\u010detn\u011b majest\u00e1tn\u00edho vrcholu Manaslu. N\u00e1\u0161 t\u00fdm zku\u0161en\u00fdch pr\u016fvodc\u016f se sna\u017e\u00ed zajistit v\u00e1m nezapomenuteln\u00e9 z\u00e1\u017eitky.<\/p>\n\n\n\n<p>Pod\u00edvejte se na na\u0161e dal\u0161\u00ed treky v Him\u00e1laji:<\/p>\n\n\n\n<ul class=\"wp-block-list\">\n<li><a href=\"https:\/\/basecamptrekeverest.com\/\">Z\u00e1kladn\u00ed t\u00e1bor Trek Everest<\/a><\/li>\n\n\n\n<li><a href=\"https:\/\/basecamptrekannapurna.com\/\">Z\u00e1kladn\u00ed t\u00e1bor Trek Annapurna<\/a><\/li>\n\n\n\n<li><a href=\"https:\/\/laketrekgokyo.com\/\">Lake Trek Gokyo<\/a><\/li>\n<\/ul>\n\n\n\n<p>Pokud v\u0161ak chcete <strong>\u0161ir\u0161\u00ed nab\u00eddka p\u011b\u0161\u00edch t\u00far po cel\u00e9m sv\u011bt\u011b<\/strong> bez omezen\u00ed na jednu destinaci, m\u016f\u017eete s n\u00e1mi prozkoumat ka\u017ed\u00fd kout sv\u011bta na adrese <a href=\"https:\/\/hiking-tours.com\/\" target=\"_blank\" rel=\"noreferrer noopener\">P\u011b\u0161\u00ed t\u00fary<\/a>.<\/p>","protected":false},"excerpt":{"rendered":"<p>Kari\u00e9ra v cestovn\u00edm ruchu trv\u00e1 ji\u017e v\u00edce ne\u017e t\u0159i desetilet\u00ed a j\u00e1 jsem z\u00edskal licenci pr\u016fvodce na trekkingov\u00e9 t\u00fary od NATHAM (N\u00e1rodn\u00ed akademie cestovn\u00edho ruchu a hotelnictv\u00ed). Jsem tak\u00e9 dr\u017eitelem vysoko\u0161kolsk\u00e9ho titulu, kter\u00fd m\u011b posunul k dosa\u017een\u00ed mnoha miln\u00edk\u016f v cestovn\u00edm ruchu v relativn\u011b kr\u00e1tk\u00e9m \u010dasov\u00e9m \u00faseku. Jsme ... <a href=\"https:\/\/circuittrekmanaslu.com\/cs\/o-nas\/\">Pokra\u010dov\u00e1n\u00ed<\/a><\/p>","protected":false},"author":38,"featured_media":725,"parent":0,"menu_order":0,"comment_status":"closed","ping_status":"closed","template":"","meta":{"footnotes":""},"class_list":["post-39","page","type-page","status-publish","has-post-thumbnail","hentry"],"acf":{"page_subheading":"Experience the adventure of a lifetime with Circuit Trek Manaslu's expert team, offering unparalleled comfort, safety, and breathtaking views of the Himalayas."},"_links":{"self":[{"href":"https:\/\/circuittrekmanaslu.com\/cs\/wp-json\/wp\/v2\/pages\/39","targetHints":{"allow":["GET"]}}],"collection":[{"href":"https:\/\/circuittrekmanaslu.com\/cs\/wp-json\/wp\/v2\/pages"}],"about":[{"href":"https:\/\/circuittrekmanaslu.com\/cs\/wp-json\/wp\/v2\/types\/page"}],"author":[{"embeddable":true,"href":"https:\/\/circuittrekmanaslu.com\/cs\/wp-json\/wp\/v2\/users\/38"}],"replies":[{"embeddable":true,"href":"https:\/\/circuittrekmanaslu.com\/cs\/wp-json\/wp\/v2\/comments?post=39"}],"version-history":[{"count":7,"href":"https:\/\/circuittrekmanaslu.com\/cs\/wp-json\/wp\/v2\/pages\/39\/revisions"}],"predecessor-version":[{"id":4268,"href":"https:\/\/circuittrekmanaslu.com\/cs\/wp-json\/wp\/v2\/pages\/39\/revisions\/4268"}],"wp:featuredmedia":[{"embeddable":true,"href":"https:\/\/circuittrekmanaslu.com\/cs\/wp-json\/wp\/v2\/media\/725"}],"wp:attachment":[{"href":"https:\/\/circuittrekmanaslu.com\/cs\/wp-json\/wp\/v2\/media?parent=39"}],"curies":[{"name":"wp","href":"https:\/\/api.w.org\/{rel}","templated":true}]}}