{"id":39,"date":"2023-01-16T13:14:25","date_gmt":"2023-01-16T13:14:25","guid":{"rendered":"https:\/\/circuittrekmanaslu.com\/about-us\/"},"modified":"2024-12-06T12:08:10","modified_gmt":"2024-12-06T12:08:10","slug":"om-os","status":"publish","type":"page","link":"https:\/\/circuittrekmanaslu.com\/da\/om-os\/","title":{"rendered":"Om os"},"content":{"rendered":"<p>Med en karriere inden for turisme, der str\u00e6kker sig over tre \u00e5rtier, har jeg gjort mig fortjent til at v\u00e6re <strong>autoriseret trekking-guide <\/strong>fra NATHAM (National Academy of Tourism and Hotel Management). Jeg har ogs\u00e5 en <strong>universitetsgrad<\/strong>Det har drevet mig til at opn\u00e5 adskillige milep\u00e6le i rejsebranchen p\u00e5 relativt kort tid.<\/p>\n\n\n\n<figure class=\"wp-block-image size-large\"><img decoding=\"async\" src=\"https:\/\/circuittrekmanaslu.com\/wp-content\/uploads\/larke-la-pass-1024x768.webp\" alt=\"Larkya La Pass, Manaslu Larke Pass Trek, Nepal\" class=\"wp-image-726\"\/><\/figure>\n\n\n\n<p>Vi er et erfarent trekking- og rejseselskab med en rig historie p\u00e5 over <strong>14 \u00e5r<\/strong>, der ikke kun opererer i <strong>Nepal<\/strong> men ogs\u00e5 i <strong>Tibet<\/strong> og <strong>Bhutan<\/strong>. Vores fokus er at tilbyde forskellige aktiviteter, der prioriterer din komfort, sikkerhed og generelle tilfredshed. Vi er hele tiden p\u00e5 udkig efter nye og sp\u00e6ndende destinationer, som vi kan f\u00f8je til vores portef\u00f8lje.<\/p>\n\n\n\n<h2 class=\"wp-block-heading\">Hvad adskiller os?<\/h2>\n\n\n\n<p>Vores styrke ligger i vores <strong>team af erfarne guider<\/strong> som bringer et v\u00e6ld af viden og indsigt til din trekkingoplevelse. Vi er stolte af at levere enest\u00e5ende kundeservice og sikre, at din rejse bliver intet mindre end ekstraordin\u00e6r.<\/p>\n\n\n\n<figure class=\"wp-block-image size-large\"><img loading=\"lazy\" decoding=\"async\" width=\"1024\" height=\"683\" src=\"https:\/\/circuittrekmanaslu.com\/wp-content\/uploads\/trekker-on-the-way-to-the-valley-covered-with-cloud-on-manaslu-circuit-trek-in-nepal-1024x683.webp\" alt=\"Trekker p\u00e5 vej til dalen d\u00e6kket af skyer p\u00e5 Manaslu circuit trek i Nepal\" class=\"wp-image-744\" srcset=\"https:\/\/circuittrekmanaslu.com\/wp-content\/uploads\/trekker-on-the-way-to-the-valley-covered-with-cloud-on-manaslu-circuit-trek-in-nepal-1024x683.webp 1024w, https:\/\/circuittrekmanaslu.com\/wp-content\/uploads\/trekker-on-the-way-to-the-valley-covered-with-cloud-on-manaslu-circuit-trek-in-nepal-300x200.webp 300w, https:\/\/circuittrekmanaslu.com\/wp-content\/uploads\/trekker-on-the-way-to-the-valley-covered-with-cloud-on-manaslu-circuit-trek-in-nepal-768x512.webp 768w, https:\/\/circuittrekmanaslu.com\/wp-content\/uploads\/trekker-on-the-way-to-the-valley-covered-with-cloud-on-manaslu-circuit-trek-in-nepal-1536x1024.webp 1536w, https:\/\/circuittrekmanaslu.com\/wp-content\/uploads\/trekker-on-the-way-to-the-valley-covered-with-cloud-on-manaslu-circuit-trek-in-nepal-2048x1365.webp 2048w, https:\/\/circuittrekmanaslu.com\/wp-content\/uploads\/trekker-on-the-way-to-the-valley-covered-with-cloud-on-manaslu-circuit-trek-in-nepal-18x12.webp 18w\" sizes=\"auto, (max-width: 1024px) 100vw, 1024px\" \/><\/figure>\n\n\n\n<h2 class=\"wp-block-heading\">Manaslu-oplevelsen<\/h2>\n\n\n\n<p>Den <a href=\"https:\/\/circuittrekmanaslu.com\/da\/\">Manaslu Circuit Trek<\/a> er en fest for sanserne. Du vandrer gennem frodige skove, krydser indviklede h\u00e6ngebroer og udforsker kulturelt rige landsbyer. Trekket byder p\u00e5 <strong>En \u00e6refrygtindgydende udsigt <\/strong>af Himalaya, inklusive den majest\u00e6tiske top af Manaslu selv. Vores team af erfarne guider er forpligtet til at sikre, at du f\u00e5r en uforglemmelig oplevelse.<\/p>\n\n\n\n<p>Se vores andre trekkingture i Himalaya:<\/p>\n\n\n\n<ul class=\"wp-block-list\">\n<li><a href=\"https:\/\/basecamptrekeverest.com\/\">Base Camp Trek Everest<\/a><\/li>\n\n\n\n<li><a href=\"https:\/\/basecamptrekannapurna.com\/\">Base Camp Trek Annapurna<\/a><\/li>\n\n\n\n<li><a href=\"https:\/\/laketrekgokyo.com\/\">Trek til Gokyo-s\u00f8en<\/a><\/li>\n<\/ul>\n\n\n\n<p>Men hvis du vil have en <strong>bredere udvalg af vandreture rundt om i verden<\/strong> uden at begr\u00e6nse dig til \u00e9n destination, kan du udforske alle hj\u00f8rner af verden med os p\u00e5 <a href=\"https:\/\/hiking-tours.com\/\" target=\"_blank\" rel=\"noreferrer noopener\">Vandreture<\/a>.<\/p>","protected":false},"excerpt":{"rendered":"<p>Med en karriere inden for turisme, der str\u00e6kker sig over tre \u00e5rtier, har jeg opn\u00e5et min titel som autoriseret trekkingguide fra NATHAM (National Academy of Tourism and Hotel Management). Jeg har ogs\u00e5 en universitetsgrad, som har drevet mig til at opn\u00e5 adskillige milep\u00e6le i rejsebranchen p\u00e5 relativt kort tid. Vi er et ... <a href=\"https:\/\/circuittrekmanaslu.com\/da\/om-os\/\">Fortsat<\/a><\/p>","protected":false},"author":38,"featured_media":725,"parent":0,"menu_order":0,"comment_status":"closed","ping_status":"closed","template":"","meta":{"footnotes":""},"class_list":["post-39","page","type-page","status-publish","has-post-thumbnail","hentry"],"acf":{"page_subheading":"Experience the adventure of a lifetime with Circuit Trek Manaslu's expert team, offering unparalleled comfort, safety, and breathtaking views of the Himalayas."},"_links":{"self":[{"href":"https:\/\/circuittrekmanaslu.com\/da\/wp-json\/wp\/v2\/pages\/39","targetHints":{"allow":["GET"]}}],"collection":[{"href":"https:\/\/circuittrekmanaslu.com\/da\/wp-json\/wp\/v2\/pages"}],"about":[{"href":"https:\/\/circuittrekmanaslu.com\/da\/wp-json\/wp\/v2\/types\/page"}],"author":[{"embeddable":true,"href":"https:\/\/circuittrekmanaslu.com\/da\/wp-json\/wp\/v2\/users\/38"}],"replies":[{"embeddable":true,"href":"https:\/\/circuittrekmanaslu.com\/da\/wp-json\/wp\/v2\/comments?post=39"}],"version-history":[{"count":7,"href":"https:\/\/circuittrekmanaslu.com\/da\/wp-json\/wp\/v2\/pages\/39\/revisions"}],"predecessor-version":[{"id":4268,"href":"https:\/\/circuittrekmanaslu.com\/da\/wp-json\/wp\/v2\/pages\/39\/revisions\/4268"}],"wp:featuredmedia":[{"embeddable":true,"href":"https:\/\/circuittrekmanaslu.com\/da\/wp-json\/wp\/v2\/media\/725"}],"wp:attachment":[{"href":"https:\/\/circuittrekmanaslu.com\/da\/wp-json\/wp\/v2\/media?parent=39"}],"curies":[{"name":"wp","href":"https:\/\/api.w.org\/{rel}","templated":true}]}}