{"id":39,"date":"2023-01-16T13:14:25","date_gmt":"2023-01-16T13:14:25","guid":{"rendered":"https:\/\/circuittrekmanaslu.com\/about-us\/"},"modified":"2024-12-06T12:08:10","modified_gmt":"2024-12-06T12:08:10","slug":"uber-uns","status":"publish","type":"page","link":"https:\/\/circuittrekmanaslu.com\/de\/uber-uns\/","title":{"rendered":"\u00dcber uns"},"content":{"rendered":"<p>In meiner \u00fcber drei Jahrzehnte w\u00e4hrenden Karriere im Tourismus habe ich mir meine Sporen als <strong>lizenzierter Trekkingf\u00fchrer <\/strong>von NATHAM (Nationale Akademie f\u00fcr Tourismus und Hotelmanagement). Ich habe auch einen <strong>Universit\u00e4tsabschluss<\/strong>Das hat mich dazu gebracht, in relativ kurzer Zeit zahlreiche Meilensteine in der Reisebranche zu erreichen.<\/p>\n\n\n\n<figure class=\"wp-block-image size-large\"><img decoding=\"async\" src=\"https:\/\/circuittrekmanaslu.com\/wp-content\/uploads\/larke-la-pass-1024x768.webp\" alt=\"Larkya La Pass, Manaslu Larke Pass Trek, Nepal\" class=\"wp-image-726\"\/><\/figure>\n\n\n\n<p>Wir sind ein erfahrenes Trekking- und Reiseunternehmen mit einer reichen Geschichte von \u00fcber <strong>14 Jahre<\/strong>und zwar nicht nur in <strong>Nepal<\/strong> sondern auch in <strong>Tibet<\/strong> und <strong>Bhutan<\/strong>. Unser Schwerpunkt liegt auf dem Angebot vielf\u00e4ltiger Aktivit\u00e4ten, bei denen Ihr Komfort, Ihre Sicherheit und Ihre allgemeine Zufriedenheit im Vordergrund stehen. Wir sind st\u00e4ndig auf der Suche nach neuen und aufregenden Reisezielen, die wir in unser Portfolio aufnehmen k\u00f6nnen.<\/p>\n\n\n\n<h2 class=\"wp-block-heading\">Was zeichnet uns aus?<\/h2>\n\n\n\n<p>Unsere St\u00e4rke liegt in unserem <strong>Team von erfahrenen F\u00fchrern<\/strong> die eine F\u00fclle von Kenntnissen und Einsichten in Ihr Trekkingerlebnis einbringen. Wir sind stolz auf unseren au\u00dfergew\u00f6hnlichen Kundenservice, der daf\u00fcr sorgt, dass Ihre Reise etwas ganz Besonderes wird.<\/p>\n\n\n\n<figure class=\"wp-block-image size-large\"><img loading=\"lazy\" decoding=\"async\" width=\"1024\" height=\"683\" src=\"https:\/\/circuittrekmanaslu.com\/wp-content\/uploads\/trekker-on-the-way-to-the-valley-covered-with-cloud-on-manaslu-circuit-trek-in-nepal-1024x683.webp\" alt=\"Trekker auf dem Weg in das wolkenverhangene Tal auf dem Manaslu-Rundwanderweg in Nepal\" class=\"wp-image-744\" srcset=\"https:\/\/circuittrekmanaslu.com\/wp-content\/uploads\/trekker-on-the-way-to-the-valley-covered-with-cloud-on-manaslu-circuit-trek-in-nepal-1024x683.webp 1024w, https:\/\/circuittrekmanaslu.com\/wp-content\/uploads\/trekker-on-the-way-to-the-valley-covered-with-cloud-on-manaslu-circuit-trek-in-nepal-300x200.webp 300w, https:\/\/circuittrekmanaslu.com\/wp-content\/uploads\/trekker-on-the-way-to-the-valley-covered-with-cloud-on-manaslu-circuit-trek-in-nepal-768x512.webp 768w, https:\/\/circuittrekmanaslu.com\/wp-content\/uploads\/trekker-on-the-way-to-the-valley-covered-with-cloud-on-manaslu-circuit-trek-in-nepal-1536x1024.webp 1536w, https:\/\/circuittrekmanaslu.com\/wp-content\/uploads\/trekker-on-the-way-to-the-valley-covered-with-cloud-on-manaslu-circuit-trek-in-nepal-2048x1365.webp 2048w, https:\/\/circuittrekmanaslu.com\/wp-content\/uploads\/trekker-on-the-way-to-the-valley-covered-with-cloud-on-manaslu-circuit-trek-in-nepal-18x12.webp 18w\" sizes=\"auto, (max-width: 1024px) 100vw, 1024px\" \/><\/figure>\n\n\n\n<h2 class=\"wp-block-heading\">Das Manaslu-Erlebnis<\/h2>\n\n\n\n<p>Die <a href=\"https:\/\/circuittrekmanaslu.com\/de\/\">Manaslu Rundreise Trek<\/a> ist ein Fest f\u00fcr die Sinne. Sie durchqueren \u00fcppige W\u00e4lder, \u00fcberqueren verschlungene H\u00e4ngebr\u00fccken und erkunden kulturell reiche D\u00f6rfer. Der Treck bietet <strong>atemberaubende Aussichten <\/strong>des Himalayas, einschlie\u00dflich des majest\u00e4tischen Gipfels des Manaslu selbst. Unser Team von erfahrenen F\u00fchrern ist bestrebt, Ihnen ein unvergessliches Erlebnis zu bieten.<\/p>\n\n\n\n<p>Sehen Sie sich unsere anderen Trecks im Himalaya an:<\/p>\n\n\n\n<ul class=\"wp-block-list\">\n<li><a href=\"https:\/\/basecamptrekeverest.com\/\">Basislager Trek Everest<\/a><\/li>\n\n\n\n<li><a href=\"https:\/\/basecamptrekannapurna.com\/\">Basislager Trek Annapurna<\/a><\/li>\n\n\n\n<li><a href=\"https:\/\/laketrekgokyo.com\/\">See Trek Gokyo<\/a><\/li>\n<\/ul>\n\n\n\n<p>Wenn Sie jedoch eine <strong>breitere Auswahl an Wandertouren rund um den Globus<\/strong> ohne sich auf ein Reiseziel zu beschr\u00e4nken, k\u00f6nnen Sie mit uns jeden Winkel der Welt erkunden. <a href=\"https:\/\/hiking-tours.com\/\" target=\"_blank\" rel=\"noreferrer noopener\">Wandertouren<\/a>.<\/p>","protected":false},"excerpt":{"rendered":"<p>In meiner \u00fcber drei Jahrzehnte w\u00e4hrenden Karriere im Tourismus habe ich mich als lizenzierter Trekking-Guide von der NATHAM (National Academy of Tourism and Hotel Management) auszeichnen lassen. Au\u00dferdem besitze ich einen Universit\u00e4tsabschluss, der mich dazu gebracht hat, in relativ kurzer Zeit zahlreiche Meilensteine in der Reisebranche zu erreichen. Wir sind ein ... <a href=\"https:\/\/circuittrekmanaslu.com\/de\/uber-uns\/\">Fortsetzung<\/a><\/p>","protected":false},"author":38,"featured_media":725,"parent":0,"menu_order":0,"comment_status":"closed","ping_status":"closed","template":"","meta":{"footnotes":""},"class_list":["post-39","page","type-page","status-publish","has-post-thumbnail","hentry"],"acf":{"page_subheading":"Experience the adventure of a lifetime with Circuit Trek Manaslu's expert team, offering unparalleled comfort, safety, and breathtaking views of the Himalayas."},"_links":{"self":[{"href":"https:\/\/circuittrekmanaslu.com\/de\/wp-json\/wp\/v2\/pages\/39","targetHints":{"allow":["GET"]}}],"collection":[{"href":"https:\/\/circuittrekmanaslu.com\/de\/wp-json\/wp\/v2\/pages"}],"about":[{"href":"https:\/\/circuittrekmanaslu.com\/de\/wp-json\/wp\/v2\/types\/page"}],"author":[{"embeddable":true,"href":"https:\/\/circuittrekmanaslu.com\/de\/wp-json\/wp\/v2\/users\/38"}],"replies":[{"embeddable":true,"href":"https:\/\/circuittrekmanaslu.com\/de\/wp-json\/wp\/v2\/comments?post=39"}],"version-history":[{"count":7,"href":"https:\/\/circuittrekmanaslu.com\/de\/wp-json\/wp\/v2\/pages\/39\/revisions"}],"predecessor-version":[{"id":4268,"href":"https:\/\/circuittrekmanaslu.com\/de\/wp-json\/wp\/v2\/pages\/39\/revisions\/4268"}],"wp:featuredmedia":[{"embeddable":true,"href":"https:\/\/circuittrekmanaslu.com\/de\/wp-json\/wp\/v2\/media\/725"}],"wp:attachment":[{"href":"https:\/\/circuittrekmanaslu.com\/de\/wp-json\/wp\/v2\/media?parent=39"}],"curies":[{"name":"wp","href":"https:\/\/api.w.org\/{rel}","templated":true}]}}