{"id":39,"date":"2023-01-16T13:14:25","date_gmt":"2023-01-16T13:14:25","guid":{"rendered":"https:\/\/circuittrekmanaslu.com\/about-us\/"},"modified":"2024-12-06T12:08:10","modified_gmt":"2024-12-06T12:08:10","slug":"acerca-de-nosotros","status":"publish","type":"page","link":"https:\/\/circuittrekmanaslu.com\/es\/acerca-de-nosotros\/","title":{"rendered":"Qui\u00e9nes somos"},"content":{"rendered":"<p>Con una carrera de m\u00e1s de tres d\u00e9cadas en el sector tur\u00edstico, me he ganado a pulso ser un experto en turismo. <strong>gu\u00eda de senderismo titulado <\/strong>de la NATHAM (Academia Nacional de Turismo y Hosteler\u00eda). Tambi\u00e9n poseo un <strong>t\u00edtulo universitario<\/strong>que me ha impulsado a alcanzar numerosos hitos en el sector de los viajes en un periodo de tiempo relativamente corto.<\/p>\n\n\n\n<figure class=\"wp-block-image size-large\"><img decoding=\"async\" src=\"https:\/\/circuittrekmanaslu.com\/wp-content\/uploads\/larke-la-pass-1024x768.webp\" alt=\"Paso de Larkya La, Manaslu Larke Pass Trek, Nepal\" class=\"wp-image-726\"\/><\/figure>\n\n\n\n<p>Somos una experimentada empresa de trekking y turismo con una rica historia de m\u00e1s de <strong>14 a\u00f1os<\/strong>operando no s\u00f3lo en <strong>Nepal<\/strong> sino tambi\u00e9n en <strong>T\u00edbet<\/strong> y <strong>But\u00e1n<\/strong>. Nos centramos en ofrecer diversas actividades dando prioridad a su comodidad, seguridad y satisfacci\u00f3n general. Estamos continuamente buscando nuevos y emocionantes destinos para a\u00f1adir a nuestra cartera.<\/p>\n\n\n\n<h2 class=\"wp-block-heading\">\u00bfQu\u00e9 nos diferencia?<\/h2>\n\n\n\n<p>Nuestra fuerza reside en <strong>equipo de gu\u00edas experimentados<\/strong> que aportan una gran cantidad de conocimientos y perspectivas a su experiencia de trekking. Nos enorgullecemos de ofrecer un servicio al cliente excepcional, asegur\u00e1ndonos de que su viaje sea extraordinario.<\/p>\n\n\n\n<figure class=\"wp-block-image size-large\"><img loading=\"lazy\" decoding=\"async\" width=\"1024\" height=\"683\" src=\"https:\/\/circuittrekmanaslu.com\/wp-content\/uploads\/trekker-on-the-way-to-the-valley-covered-with-cloud-on-manaslu-circuit-trek-in-nepal-1024x683.webp\" alt=\"Senderista camino del valle cubierto de nubes en el trekking del circuito Manaslu en Nepal\" class=\"wp-image-744\" srcset=\"https:\/\/circuittrekmanaslu.com\/wp-content\/uploads\/trekker-on-the-way-to-the-valley-covered-with-cloud-on-manaslu-circuit-trek-in-nepal-1024x683.webp 1024w, https:\/\/circuittrekmanaslu.com\/wp-content\/uploads\/trekker-on-the-way-to-the-valley-covered-with-cloud-on-manaslu-circuit-trek-in-nepal-300x200.webp 300w, https:\/\/circuittrekmanaslu.com\/wp-content\/uploads\/trekker-on-the-way-to-the-valley-covered-with-cloud-on-manaslu-circuit-trek-in-nepal-768x512.webp 768w, https:\/\/circuittrekmanaslu.com\/wp-content\/uploads\/trekker-on-the-way-to-the-valley-covered-with-cloud-on-manaslu-circuit-trek-in-nepal-1536x1024.webp 1536w, https:\/\/circuittrekmanaslu.com\/wp-content\/uploads\/trekker-on-the-way-to-the-valley-covered-with-cloud-on-manaslu-circuit-trek-in-nepal-2048x1365.webp 2048w, https:\/\/circuittrekmanaslu.com\/wp-content\/uploads\/trekker-on-the-way-to-the-valley-covered-with-cloud-on-manaslu-circuit-trek-in-nepal-18x12.webp 18w\" sizes=\"auto, (max-width: 1024px) 100vw, 1024px\" \/><\/figure>\n\n\n\n<h2 class=\"wp-block-heading\">La experiencia Manaslu<\/h2>\n\n\n\n<p>En <a href=\"https:\/\/circuittrekmanaslu.com\/es\/\">Circuito del Manaslu<\/a> es un fest\u00edn para los sentidos. Atravesar\u00e1 frondosos bosques, cruzar\u00e1 intrincados puentes colgantes y explorar\u00e1 aldeas de gran riqueza cultural. La ruta ofrece <strong>impresionantes vistas <\/strong>del Himalaya, incluido el majestuoso pico del Manaslu. Nuestro equipo de gu\u00edas experimentados se compromete a garantizarle una experiencia inolvidable.<\/p>\n\n\n\n<p>Consulte nuestros otros trekkings en el Himalaya:<\/p>\n\n\n\n<ul class=\"wp-block-list\">\n<li><a href=\"https:\/\/basecamptrekeverest.com\/\">Campo Base Trek Everest<\/a><\/li>\n\n\n\n<li><a href=\"https:\/\/basecamptrekannapurna.com\/\">Campo Base Trek Annapurna<\/a><\/li>\n\n\n\n<li><a href=\"https:\/\/laketrekgokyo.com\/\">Excursi\u00f3n al lago Gokyo<\/a><\/li>\n<\/ul>\n\n\n\n<p>Sin embargo, si desea un <strong>una selecci\u00f3n m\u00e1s amplia de rutas de senderismo por todo el mundo<\/strong> sin limitarse a un solo destino, puede explorar todos los rincones del mundo con nosotros en <a href=\"https:\/\/hiking-tours.com\/\" target=\"_blank\" rel=\"noreferrer noopener\">Rutas de senderismo<\/a>.<\/p>","protected":false},"excerpt":{"rendered":"<p>Con una carrera de m\u00e1s de tres d\u00e9cadas en el sector tur\u00edstico, me he ganado la licencia de gu\u00eda de senderismo de la NATHAM (Academia Nacional de Turismo y Hosteler\u00eda). Tambi\u00e9n tengo un t\u00edtulo universitario, que me ha impulsado a lograr numerosos hitos en la industria de viajes en un lapso relativamente corto de tiempo. Somos una ... <a href=\"https:\/\/circuittrekmanaslu.com\/es\/acerca-de-nosotros\/\">Contin\u00faa en<\/a><\/p>","protected":false},"author":38,"featured_media":725,"parent":0,"menu_order":0,"comment_status":"closed","ping_status":"closed","template":"","meta":{"footnotes":""},"class_list":["post-39","page","type-page","status-publish","has-post-thumbnail","hentry"],"acf":{"page_subheading":"Experience the adventure of a lifetime with Circuit Trek Manaslu's expert team, offering unparalleled comfort, safety, and breathtaking views of the Himalayas."},"_links":{"self":[{"href":"https:\/\/circuittrekmanaslu.com\/es\/wp-json\/wp\/v2\/pages\/39","targetHints":{"allow":["GET"]}}],"collection":[{"href":"https:\/\/circuittrekmanaslu.com\/es\/wp-json\/wp\/v2\/pages"}],"about":[{"href":"https:\/\/circuittrekmanaslu.com\/es\/wp-json\/wp\/v2\/types\/page"}],"author":[{"embeddable":true,"href":"https:\/\/circuittrekmanaslu.com\/es\/wp-json\/wp\/v2\/users\/38"}],"replies":[{"embeddable":true,"href":"https:\/\/circuittrekmanaslu.com\/es\/wp-json\/wp\/v2\/comments?post=39"}],"version-history":[{"count":7,"href":"https:\/\/circuittrekmanaslu.com\/es\/wp-json\/wp\/v2\/pages\/39\/revisions"}],"predecessor-version":[{"id":4268,"href":"https:\/\/circuittrekmanaslu.com\/es\/wp-json\/wp\/v2\/pages\/39\/revisions\/4268"}],"wp:featuredmedia":[{"embeddable":true,"href":"https:\/\/circuittrekmanaslu.com\/es\/wp-json\/wp\/v2\/media\/725"}],"wp:attachment":[{"href":"https:\/\/circuittrekmanaslu.com\/es\/wp-json\/wp\/v2\/media?parent=39"}],"curies":[{"name":"wp","href":"https:\/\/api.w.org\/{rel}","templated":true}]}}