{"id":39,"date":"2023-01-16T13:14:25","date_gmt":"2023-01-16T13:14:25","guid":{"rendered":"https:\/\/circuittrekmanaslu.com\/about-us\/"},"modified":"2024-12-06T12:08:10","modified_gmt":"2024-12-06T12:08:10","slug":"o-nas","status":"publish","type":"page","link":"https:\/\/circuittrekmanaslu.com\/pl\/o-nas\/","title":{"rendered":"O nas"},"content":{"rendered":"<p>Z karier\u0105 w turystyce trwaj\u0105c\u0105 ponad trzy dekady, zdoby\u0142em swoje paski jako <strong>licencjonowany przewodnik trekkingowy <\/strong>z NATHAM (National Academy of Tourism and Hotel Management). Posiadam r\u00f3wnie\u017c <strong>dyplom uniwersytecki<\/strong>co pozwoli\u0142o mi osi\u0105gn\u0105\u0107 wiele kamieni milowych w bran\u017cy turystycznej w stosunkowo kr\u00f3tkim czasie.<\/p>\n\n\n\n<figure class=\"wp-block-image size-large\"><img decoding=\"async\" src=\"https:\/\/circuittrekmanaslu.com\/wp-content\/uploads\/larke-la-pass-1024x768.webp\" alt=\"Prze\u0142\u0119cz Larkya La, Manaslu Larke Pass Trek, Nepal\" class=\"wp-image-726\"\/><\/figure>\n\n\n\n<p>Jeste\u015bmy do\u015bwiadczon\u0105 firm\u0105 trekkingow\u0105 i turystyczn\u0105 z bogat\u0105 histori\u0105 ponad <strong>14 lat<\/strong>dzia\u0142aj\u0105c nie tylko w <strong>Nepal<\/strong> ale tak\u017ce w <strong>Tybet<\/strong> oraz <strong>Bhutan<\/strong>. Skupiamy si\u0119 na oferowaniu r\u00f3\u017cnorodnych aktywno\u015bci, stawiaj\u0105c na pierwszym miejscu komfort, bezpiecze\u0144stwo i og\u00f3ln\u0105 satysfakcj\u0119. Nieustannie poszukujemy nowych i ekscytuj\u0105cych miejsc, kt\u00f3re mo\u017cemy doda\u0107 do naszego portfolio.<\/p>\n\n\n\n<h2 class=\"wp-block-heading\">Co nas wyr\u00f3\u017cnia?<\/h2>\n\n\n\n<p>Nasza si\u0142a le\u017cy w naszej <strong>zesp\u00f3\u0142 do\u015bwiadczonych przewodnik\u00f3w<\/strong> kt\u00f3rzy wnosz\u0105 bogactwo wiedzy i spostrze\u017ce\u0144 do do\u015bwiadczenia trekkingu. Jeste\u015bmy dumni z dostarczania wyj\u0105tkowej obs\u0142ugi klienta, zapewniaj\u0105c, \u017ce Twoja podr\u00f3\u017c jest niczym niezwyk\u0142ym.<\/p>\n\n\n\n<figure class=\"wp-block-image size-large\"><img loading=\"lazy\" decoding=\"async\" width=\"1024\" height=\"683\" src=\"https:\/\/circuittrekmanaslu.com\/wp-content\/uploads\/trekker-on-the-way-to-the-valley-covered-with-cloud-on-manaslu-circuit-trek-in-nepal-1024x683.webp\" alt=\"Trekkingowiec w drodze do doliny pokrytej chmurami podczas trekkingu Manaslu w Nepalu\" class=\"wp-image-744\" srcset=\"https:\/\/circuittrekmanaslu.com\/wp-content\/uploads\/trekker-on-the-way-to-the-valley-covered-with-cloud-on-manaslu-circuit-trek-in-nepal-1024x683.webp 1024w, https:\/\/circuittrekmanaslu.com\/wp-content\/uploads\/trekker-on-the-way-to-the-valley-covered-with-cloud-on-manaslu-circuit-trek-in-nepal-300x200.webp 300w, https:\/\/circuittrekmanaslu.com\/wp-content\/uploads\/trekker-on-the-way-to-the-valley-covered-with-cloud-on-manaslu-circuit-trek-in-nepal-768x512.webp 768w, https:\/\/circuittrekmanaslu.com\/wp-content\/uploads\/trekker-on-the-way-to-the-valley-covered-with-cloud-on-manaslu-circuit-trek-in-nepal-1536x1024.webp 1536w, https:\/\/circuittrekmanaslu.com\/wp-content\/uploads\/trekker-on-the-way-to-the-valley-covered-with-cloud-on-manaslu-circuit-trek-in-nepal-2048x1365.webp 2048w, https:\/\/circuittrekmanaslu.com\/wp-content\/uploads\/trekker-on-the-way-to-the-valley-covered-with-cloud-on-manaslu-circuit-trek-in-nepal-18x12.webp 18w\" sizes=\"auto, (max-width: 1024px) 100vw, 1024px\" \/><\/figure>\n\n\n\n<h2 class=\"wp-block-heading\">Do\u015bwiadczenie Manaslu<\/h2>\n\n\n\n<p>The <a href=\"https:\/\/circuittrekmanaslu.com\/pl\/\">Manaslu Circuit Trek<\/a> to uczta dla zmys\u0142\u00f3w. B\u0119dziesz przemierza\u0107 bujne lasy, przekracza\u0107 skomplikowane wisz\u0105ce mosty i odkrywa\u0107 bogate kulturowo wioski. W\u0119dr\u00f3wka oferuje <strong>Niesamowite widoki <\/strong>Himalaj\u00f3w, w tym majestatyczny szczyt Manaslu. Nasz zesp\u00f3\u0142 do\u015bwiadczonych przewodnik\u00f3w zapewnia niezapomniane wra\u017cenia.<\/p>\n\n\n\n<p>Sprawd\u017a nasze inne trekkingi w Himalajach:<\/p>\n\n\n\n<ul class=\"wp-block-list\">\n<li><a href=\"https:\/\/basecamptrekeverest.com\/\">Base Camp Trek Everest<\/a><\/li>\n\n\n\n<li><a href=\"https:\/\/basecamptrekannapurna.com\/\">Base Camp Trek Annapurna<\/a><\/li>\n\n\n\n<li><a href=\"https:\/\/laketrekgokyo.com\/\">Lake Trek Gokyo<\/a><\/li>\n<\/ul>\n\n\n\n<p>Je\u015bli jednak chcesz <strong>szerszy wyb\u00f3r wycieczek pieszych na ca\u0142ym \u015bwiecie<\/strong> Nie ograniczaj\u0105c si\u0119 do jednego miejsca, mo\u017cesz odkrywa\u0107 z nami ka\u017cdy zak\u0105tek \u015bwiata na stronie <a href=\"https:\/\/hiking-tours.com\/\" target=\"_blank\" rel=\"noreferrer noopener\">Wycieczki piesze<\/a>.<\/p>","protected":false},"excerpt":{"rendered":"<p>Z karier\u0105 w turystyce trwaj\u0105c\u0105 ponad trzy dekady, zdoby\u0142em swoje paski jako licencjonowany przewodnik trekkingowy od NATHAM (National Academy of Tourism and Hotel Management). Posiadam r\u00f3wnie\u017c dyplom uniwersytecki, kt\u00f3ry pozwoli\u0142 mi osi\u0105gn\u0105\u0107 wiele kamieni milowych w bran\u017cy turystycznej w stosunkowo kr\u00f3tkim czasie. Jeste\u015bmy ... <a href=\"https:\/\/circuittrekmanaslu.com\/pl\/o-nas\/\">Ci\u0105g dalszy<\/a><\/p>","protected":false},"author":38,"featured_media":725,"parent":0,"menu_order":0,"comment_status":"closed","ping_status":"closed","template":"","meta":{"footnotes":""},"class_list":["post-39","page","type-page","status-publish","has-post-thumbnail","hentry"],"acf":{"page_subheading":"Experience the adventure of a lifetime with Circuit Trek Manaslu's expert team, offering unparalleled comfort, safety, and breathtaking views of the Himalayas."},"_links":{"self":[{"href":"https:\/\/circuittrekmanaslu.com\/pl\/wp-json\/wp\/v2\/pages\/39","targetHints":{"allow":["GET"]}}],"collection":[{"href":"https:\/\/circuittrekmanaslu.com\/pl\/wp-json\/wp\/v2\/pages"}],"about":[{"href":"https:\/\/circuittrekmanaslu.com\/pl\/wp-json\/wp\/v2\/types\/page"}],"author":[{"embeddable":true,"href":"https:\/\/circuittrekmanaslu.com\/pl\/wp-json\/wp\/v2\/users\/38"}],"replies":[{"embeddable":true,"href":"https:\/\/circuittrekmanaslu.com\/pl\/wp-json\/wp\/v2\/comments?post=39"}],"version-history":[{"count":7,"href":"https:\/\/circuittrekmanaslu.com\/pl\/wp-json\/wp\/v2\/pages\/39\/revisions"}],"predecessor-version":[{"id":4268,"href":"https:\/\/circuittrekmanaslu.com\/pl\/wp-json\/wp\/v2\/pages\/39\/revisions\/4268"}],"wp:featuredmedia":[{"embeddable":true,"href":"https:\/\/circuittrekmanaslu.com\/pl\/wp-json\/wp\/v2\/media\/725"}],"wp:attachment":[{"href":"https:\/\/circuittrekmanaslu.com\/pl\/wp-json\/wp\/v2\/media?parent=39"}],"curies":[{"name":"wp","href":"https:\/\/api.w.org\/{rel}","templated":true}]}}