{"id":39,"date":"2023-01-16T13:14:25","date_gmt":"2023-01-16T13:14:25","guid":{"rendered":"https:\/\/circuittrekmanaslu.com\/about-us\/"},"modified":"2024-12-06T12:08:10","modified_gmt":"2024-12-06T12:08:10","slug":"om-oss","status":"publish","type":"page","link":"https:\/\/circuittrekmanaslu.com\/sv\/om-oss\/","title":{"rendered":"Om oss"},"content":{"rendered":"<p>Med en karri\u00e4r inom turism som str\u00e4cker sig \u00f6ver tre decennier har jag f\u00f6rtj\u00e4nat mina r\u00e4nder som en <strong>licensierad trekkingguide <\/strong>fr\u00e5n NATHAM (National Academy of Tourism and Hotel Management). Jag har ocks\u00e5 en <strong>universitetsexamen<\/strong>, som har drivit mig att uppn\u00e5 m\u00e5nga milstolpar i resebranschen under en relativt kort tidsperiod.<\/p>\n\n\n\n<figure class=\"wp-block-image size-large\"><img decoding=\"async\" src=\"https:\/\/circuittrekmanaslu.com\/wp-content\/uploads\/larke-la-pass-1024x768.webp\" alt=\"Larkya La-passet, Manaslu Larke Pass Trek, Nepal\" class=\"wp-image-726\"\/><\/figure>\n\n\n\n<p>Vi \u00e4r ett erfaret trekking- och resef\u00f6retag med en rik historia p\u00e5 \u00f6ver <strong>14 \u00e5r<\/strong>, som inte bara verkar i <strong>Nepal<\/strong> men \u00e4ven i <strong>Tibet<\/strong> och <strong>Bhutan<\/strong>. V\u00e5rt fokus ligger p\u00e5 att erbjuda varierande aktiviteter som prioriterar din komfort, s\u00e4kerhet och \u00f6vergripande tillfredsst\u00e4llelse. Vi \u00e4r st\u00e4ndigt p\u00e5 jakt efter nya och sp\u00e4nnande destinationer att l\u00e4gga till i v\u00e5r portf\u00f6lj.<\/p>\n\n\n\n<h2 class=\"wp-block-heading\">Vad utm\u00e4rker oss?<\/h2>\n\n\n\n<p>V\u00e5r styrka ligger i v\u00e5r <strong>team av erfarna guider<\/strong> som bidrar med en m\u00e4ngd kunskaper och insikter till din vandringsupplevelse. Vi \u00e4r stolta \u00f6ver att leverera exceptionell kundservice och se till att din resa blir n\u00e5got ut\u00f6ver det vanliga.<\/p>\n\n\n\n<figure class=\"wp-block-image size-large\"><img loading=\"lazy\" decoding=\"async\" width=\"1024\" height=\"683\" src=\"https:\/\/circuittrekmanaslu.com\/wp-content\/uploads\/trekker-on-the-way-to-the-valley-covered-with-cloud-on-manaslu-circuit-trek-in-nepal-1024x683.webp\" alt=\"Vandrare p\u00e5 v\u00e4g till den molnt\u00e4ckta dalen p\u00e5 Manaslu circuit trek i Nepal\" class=\"wp-image-744\" srcset=\"https:\/\/circuittrekmanaslu.com\/wp-content\/uploads\/trekker-on-the-way-to-the-valley-covered-with-cloud-on-manaslu-circuit-trek-in-nepal-1024x683.webp 1024w, https:\/\/circuittrekmanaslu.com\/wp-content\/uploads\/trekker-on-the-way-to-the-valley-covered-with-cloud-on-manaslu-circuit-trek-in-nepal-300x200.webp 300w, https:\/\/circuittrekmanaslu.com\/wp-content\/uploads\/trekker-on-the-way-to-the-valley-covered-with-cloud-on-manaslu-circuit-trek-in-nepal-768x512.webp 768w, https:\/\/circuittrekmanaslu.com\/wp-content\/uploads\/trekker-on-the-way-to-the-valley-covered-with-cloud-on-manaslu-circuit-trek-in-nepal-1536x1024.webp 1536w, https:\/\/circuittrekmanaslu.com\/wp-content\/uploads\/trekker-on-the-way-to-the-valley-covered-with-cloud-on-manaslu-circuit-trek-in-nepal-2048x1365.webp 2048w, https:\/\/circuittrekmanaslu.com\/wp-content\/uploads\/trekker-on-the-way-to-the-valley-covered-with-cloud-on-manaslu-circuit-trek-in-nepal-18x12.webp 18w\" sizes=\"auto, (max-width: 1024px) 100vw, 1024px\" \/><\/figure>\n\n\n\n<h2 class=\"wp-block-heading\">Upplevelsen av Manaslu<\/h2>\n\n\n\n<p>Den <a href=\"https:\/\/circuittrekmanaslu.com\/sv\/\">Manaslu Circuit Trek<\/a> \u00e4r en fest f\u00f6r sinnena. Du vandrar genom frodiga skogar, korsar komplicerade h\u00e4ngbroar och utforskar kulturellt rika byar. Vandringen erbjuder <strong>imponerande utsikt <\/strong>av Himalaya, inklusive den majest\u00e4tiska toppen av Manaslu sj\u00e4lv. V\u00e5rt team av erfarna guider \u00e4r fast beslutna att se till att du f\u00e5r en of\u00f6rgl\u00f6mlig upplevelse.<\/p>\n\n\n\n<p>Kolla in v\u00e5ra andra vandringar i Himalaya:<\/p>\n\n\n\n<ul class=\"wp-block-list\">\n<li><a href=\"https:\/\/basecamptrekeverest.com\/\">Basl\u00e4gervandring Everest<\/a><\/li>\n\n\n\n<li><a href=\"https:\/\/basecamptrekannapurna.com\/\">Basl\u00e4ger Trek Annapurna<\/a><\/li>\n\n\n\n<li><a href=\"https:\/\/laketrekgokyo.com\/\">Lake Trek Gokyo<\/a><\/li>\n<\/ul>\n\n\n\n<p>Men om du vill ha en <strong>bredare urval av vandringsresor runt om i v\u00e4rlden<\/strong> utan att begr\u00e4nsa dig till en destination kan du utforska v\u00e4rldens alla h\u00f6rn med oss p\u00e5 <a href=\"https:\/\/hiking-tours.com\/\" target=\"_blank\" rel=\"noreferrer noopener\">Vandringsturer<\/a>.<\/p>","protected":false},"excerpt":{"rendered":"<p>Jag har en karri\u00e4r inom turism som str\u00e4cker sig \u00f6ver tre decennier, och jag \u00e4r licensierad trekkingguide fr\u00e5n NATHAM (National Academy of Tourism and Hotel Management). Jag har ocks\u00e5 en universitetsexamen, vilket har hj\u00e4lpt mig att uppn\u00e5 m\u00e5nga milstolpar inom resebranschen under en relativt kort tidsperiod. Vi \u00e4r en ... <a href=\"https:\/\/circuittrekmanaslu.com\/sv\/om-oss\/\">Forts\u00e4ttning<\/a><\/p>","protected":false},"author":38,"featured_media":725,"parent":0,"menu_order":0,"comment_status":"closed","ping_status":"closed","template":"","meta":{"footnotes":""},"class_list":["post-39","page","type-page","status-publish","has-post-thumbnail","hentry"],"acf":{"page_subheading":"Experience the adventure of a lifetime with Circuit Trek Manaslu's expert team, offering unparalleled comfort, safety, and breathtaking views of the Himalayas."},"_links":{"self":[{"href":"https:\/\/circuittrekmanaslu.com\/sv\/wp-json\/wp\/v2\/pages\/39","targetHints":{"allow":["GET"]}}],"collection":[{"href":"https:\/\/circuittrekmanaslu.com\/sv\/wp-json\/wp\/v2\/pages"}],"about":[{"href":"https:\/\/circuittrekmanaslu.com\/sv\/wp-json\/wp\/v2\/types\/page"}],"author":[{"embeddable":true,"href":"https:\/\/circuittrekmanaslu.com\/sv\/wp-json\/wp\/v2\/users\/38"}],"replies":[{"embeddable":true,"href":"https:\/\/circuittrekmanaslu.com\/sv\/wp-json\/wp\/v2\/comments?post=39"}],"version-history":[{"count":7,"href":"https:\/\/circuittrekmanaslu.com\/sv\/wp-json\/wp\/v2\/pages\/39\/revisions"}],"predecessor-version":[{"id":4268,"href":"https:\/\/circuittrekmanaslu.com\/sv\/wp-json\/wp\/v2\/pages\/39\/revisions\/4268"}],"wp:featuredmedia":[{"embeddable":true,"href":"https:\/\/circuittrekmanaslu.com\/sv\/wp-json\/wp\/v2\/media\/725"}],"wp:attachment":[{"href":"https:\/\/circuittrekmanaslu.com\/sv\/wp-json\/wp\/v2\/media?parent=39"}],"curies":[{"name":"wp","href":"https:\/\/api.w.org\/{rel}","templated":true}]}}